 
{"id":5412,"date":"2025-01-23T16:55:54","date_gmt":"2025-01-23T16:55:54","guid":{"rendered":"https:\/\/esferareal.com\/?page_id=5412"},"modified":"2025-01-23T16:58:58","modified_gmt":"2025-01-23T16:58:58","slug":"a-regiao","status":"publish","type":"page","link":"https:\/\/esferareal.com\/en\/a-regiao\/","title":{"rendered":"Region"},"content":{"rendered":"<div data-elementor-type=\"wp-page\" data-elementor-id=\"5412\" class=\"elementor elementor-5412\" data-elementor-post-type=\"page\">\n\t\t\t\t<div class=\"elementor-element elementor-element-9f3e649 e-flex e-con-boxed e-con e-parent\" data-id=\"9f3e649\" data-element_type=\"container\">\n\t\t\t\t\t<div class=\"e-con-inner\">\n\t\t<div class=\"elementor-element elementor-element-f204977 e-con-full e-flex e-con e-child\" data-id=\"f204977\" data-element_type=\"container\">\n\t\t\t\t<div class=\"elementor-element elementor-element-9839dd7 elementor-widget elementor-widget-heading\" data-id=\"9839dd7\" data-element_type=\"widget\" data-widget_type=\"heading.default\">\n\t\t\t\t<div class=\"elementor-widget-container\">\n\t\t\t\t\t<h2 class=\"elementor-heading-title elementor-size-default\">Region<\/h2>\t\t\t\t<\/div>\n\t\t\t\t<\/div>\n\t\t\t\t<div class=\"elementor-element elementor-element-4ba4464 elementor-widget elementor-widget-text-editor\" data-id=\"4ba4464\" data-element_type=\"widget\" data-widget_type=\"text-editor.default\">\n\t\t\t\t<div class=\"elementor-widget-container\">\n\t\t\t\t\t\t\t\t\t<h6><span class=\"orange_text_18\">Central Portugal<\/span><\/h6><p>Are you tired of the daily stress of cities? You\u00b4d like a peaceful location to live in, near nature, with lots of History, tradition and various spectacular touristic points?<\/p><p>Welcome to central Portugal!<\/p><p>Of an absolutely fantastic natural beauty, amidst rivers and mountains, this is an area where you can rest and feed your soul with peace.<\/p><p>Around the beautiful and picturesque towns of Pedr\u00f3g\u00e3o Grande, Figueir\u00f3 dos Vinhos, Castanheira de P\u00eara and Sert\u00e3, you\u00b4ll find plenty of fascinating touristic points, from centuries-old churches, monuments with lots of History to tell, a curious and delicious local cuisine, museums, tracks amidst nature, well, experiences that will delight your senses!<\/p><p>If you like fishing, sailing or just to relax, you\u00b4ll find 3 great lakes that are one of our main trademarks: Cabril, Castelo de Bode and the third\u2026 well, it\u00b4s a secret worthy of being discovered!<\/p><p>Additionally, to keep on the same wavelength, various River Beaches were inaugurated, perfect for the whole family to have fun during the hot Portuguese summer, such as Rocas\u00b4s River Beach, the biggest of its kind with artificial waves in Portugal, in the town of Castanheira de P\u00eara.<\/p><p>You can also enjoy the Shist Villages Route (Rota das Aldeias de Xisto), a marker of the culture and tradition of this region of Portugal, where its inhabitants will welcome you with open arms and with great hospitality.<\/p><p>The big cities are not that far away, as well as the Atlantic coast or the border of Spain.<\/p><p>Most of our properties show this region\u00b4s traditional and rustic character: 1st storey houses, \u2013 the dwelling -, the ground floor for storage purposes and wine cellars.<\/p><p>If you\u00b4re looking for something more modern or even a plot of land to start your project from scratch, you can also find it with us.<\/p><p>All of this is waiting for you and for us the inhabitants of this region it\u00b4s a pleasure to share these wonders with other people. After all, what\u00b4s good tastes better if shared!<\/p><p>Come discover all of this with Esfera Real!<\/p>\t\t\t\t\t\t\t\t<\/div>\n\t\t\t\t<\/div>\n\t\t\t\t<div class=\"elementor-element elementor-element-9f8a7db elementor-arrows-position-inside elementor-pagination-position-outside elementor-widget elementor-widget-image-carousel\" data-id=\"9f8a7db\" data-element_type=\"widget\" data-settings=\"{&quot;slides_to_show&quot;:&quot;3&quot;,&quot;navigation&quot;:&quot;both&quot;,&quot;autoplay&quot;:&quot;yes&quot;,&quot;pause_on_hover&quot;:&quot;yes&quot;,&quot;pause_on_interaction&quot;:&quot;yes&quot;,&quot;autoplay_speed&quot;:5000,&quot;infinite&quot;:&quot;yes&quot;,&quot;speed&quot;:500}\" data-widget_type=\"image-carousel.default\">\n\t\t\t\t<div class=\"elementor-widget-container\">\n\t\t\t\t\t\t\t<div class=\"elementor-image-carousel-wrapper swiper\" role=\"region\" aria-roledescription=\"carousel\" aria-label=\"Carrossel de imagens\" dir=\"ltr\">\n\t\t\t<div class=\"elementor-image-carousel swiper-wrapper\" aria-live=\"off\">\n\t\t\t\t\t\t\t\t<div class=\"swiper-slide\" role=\"group\" aria-roledescription=\"slide\" aria-label=\"1 of 4\"><figure class=\"swiper-slide-inner\"><img decoding=\"async\" class=\"swiper-slide-image\" src=\"https:\/\/esferareal.com\/wp-content\/uploads\/2025\/01\/a-regiao-2.jpeg\" alt=\"a-regiao-2\" \/><\/figure><\/div><div class=\"swiper-slide\" role=\"group\" aria-roledescription=\"slide\" aria-label=\"2 of 4\"><figure class=\"swiper-slide-inner\"><img decoding=\"async\" class=\"swiper-slide-image\" src=\"https:\/\/esferareal.com\/wp-content\/uploads\/2025\/01\/a-regiao.jpeg\" alt=\"a-regiao\" \/><\/figure><\/div><div class=\"swiper-slide\" role=\"group\" aria-roledescription=\"slide\" aria-label=\"3 of 4\"><figure class=\"swiper-slide-inner\"><img decoding=\"async\" class=\"swiper-slide-image\" src=\"https:\/\/esferareal.com\/wp-content\/uploads\/2025\/01\/a-regiao3.jpeg\" alt=\"a-regiao3\" \/><\/figure><\/div><div class=\"swiper-slide\" role=\"group\" aria-roledescription=\"slide\" aria-label=\"4 of 4\"><figure class=\"swiper-slide-inner\"><img decoding=\"async\" class=\"swiper-slide-image\" src=\"https:\/\/esferareal.com\/wp-content\/uploads\/2025\/01\/a-regiao4.jpeg\" alt=\"a-regiao4\" \/><\/figure><\/div>\t\t\t<\/div>\n\t\t\t\t\t\t\t\t\t\t\t\t<div class=\"elementor-swiper-button elementor-swiper-button-prev\" role=\"button\" tabindex=\"0\">\n\t\t\t\t\t\t<svg aria-hidden=\"true\" class=\"e-font-icon-svg e-eicon-chevron-left\" viewbox=\"0 0 1000 1000\" xmlns=\"http:\/\/www.w3.org\/2000\/svg\"><path d=\"M646 125C629 125 613 133 604 142L308 442C296 454 292 471 292 487 292 504 296 521 308 533L604 854C617 867 629 875 646 875 663 875 679 871 692 858 704 846 713 829 713 812 713 796 708 779 692 767L438 487 692 225C700 217 708 204 708 187 708 171 704 154 692 142 675 129 663 125 646 125Z\"><\/path><\/svg>\t\t\t\t\t<\/div>\n\t\t\t\t\t<div class=\"elementor-swiper-button elementor-swiper-button-next\" role=\"button\" tabindex=\"0\">\n\t\t\t\t\t\t<svg aria-hidden=\"true\" class=\"e-font-icon-svg e-eicon-chevron-right\" viewbox=\"0 0 1000 1000\" xmlns=\"http:\/\/www.w3.org\/2000\/svg\"><path d=\"M696 533C708 521 713 504 713 487 713 471 708 454 696 446L400 146C388 133 375 125 354 125 338 125 325 129 313 142 300 154 292 171 292 187 292 204 296 221 308 233L563 492 304 771C292 783 288 800 288 817 288 833 296 850 308 863 321 871 338 875 354 875 371 875 388 867 400 854L696 533Z\"><\/path><\/svg>\t\t\t\t\t<\/div>\n\t\t\t\t\n\t\t\t\t\t\t\t\t\t<div class=\"swiper-pagination\"><\/div>\n\t\t\t\t\t\t\t\t\t<\/div>\n\t\t\t\t\t\t<\/div>\n\t\t\t\t<\/div>\n\t\t\t\t<\/div>\n\t\t\t\t\t<\/div>\n\t\t\t\t<\/div>\n\t\t\t\t<\/div>","protected":false},"excerpt":{"rendered":"<p>A Regi\u00e3o Centro de Portugal Est\u00e1 farto do stress di\u00e1rio da cidade? Gostava de um local pac\u00edfico para viver, perto da natureza, com muita Hist\u00f3ria, tradi\u00e7\u00e3o e v\u00e1rios pontos tur\u00edsticos espetaculares? Bem-vindo ao centro de Portugal! De uma beleza natural absolutamente fant\u00e1stica, por entre rios e montanhas, esta \u00e9 a zona onde pode acalmar e [&hellip;]<\/p>","protected":false},"author":2,"featured_media":0,"parent":0,"menu_order":0,"comment_status":"closed","ping_status":"closed","template":"elementor_header_footer","meta":{"_acf_changed":false,"footnotes":""},"class_list":["post-5412","page","type-page","status-publish","hentry"],"acf":[],"yoast_head":"<!-- This site is optimized with the Yoast SEO plugin v24.4 - https:\/\/yoast.com\/wordpress\/plugins\/seo\/ -->\n<title>A Regi\u00e3o - Esfera Real<\/title>\n<meta name=\"robots\" content=\"index, follow, max-snippet:-1, max-image-preview:large, max-video-preview:-1\" \/>\n<link rel=\"canonical\" href=\"https:\/\/esferareal.com\/en\/a-regiao\/\" \/>\n<meta property=\"og:locale\" content=\"en_GB\" \/>\n<meta property=\"og:type\" content=\"article\" \/>\n<meta property=\"og:title\" content=\"A Regi\u00e3o - Esfera Real\" \/>\n<meta property=\"og:description\" content=\"A Regi\u00e3o Centro de Portugal Est\u00e1 farto do stress di\u00e1rio da cidade? Gostava de um local pac\u00edfico para viver, perto da natureza, com muita Hist\u00f3ria, tradi\u00e7\u00e3o e v\u00e1rios pontos tur\u00edsticos espetaculares? Bem-vindo ao centro de Portugal! De uma beleza natural absolutamente fant\u00e1stica, por entre rios e montanhas, esta \u00e9 a zona onde pode acalmar e [&hellip;]\" \/>\n<meta property=\"og:url\" content=\"https:\/\/esferareal.com\/en\/a-regiao\/\" \/>\n<meta property=\"og:site_name\" content=\"Esfera Real\" \/>\n<meta property=\"article:publisher\" content=\"https:\/\/www.facebook.com\/people\/Esfera-Real\/100057693960084\/\" \/>\n<meta property=\"article:modified_time\" content=\"2025-01-23T16:58:58+00:00\" \/>\n<meta property=\"og:image\" content=\"https:\/\/esferareal.com\/wp-content\/uploads\/2025\/01\/a-regiao-2.jpeg\" \/>\n<meta name=\"twitter:card\" content=\"summary_large_image\" \/>\n<meta name=\"twitter:label1\" content=\"Estimated reading time\" \/>\n\t<meta name=\"twitter:data1\" content=\"2 minutes\" \/>\n<script type=\"application\/ld+json\" class=\"yoast-schema-graph\">{\"@context\":\"https:\/\/schema.org\",\"@graph\":[{\"@type\":\"WebPage\",\"@id\":\"https:\/\/esferareal.com\/a-regiao\/\",\"url\":\"https:\/\/esferareal.com\/a-regiao\/\",\"name\":\"A Regi\u00e3o - Esfera Real\",\"isPartOf\":{\"@id\":\"https:\/\/esferareal.com\/#website\"},\"primaryImageOfPage\":{\"@id\":\"https:\/\/esferareal.com\/a-regiao\/#primaryimage\"},\"image\":{\"@id\":\"https:\/\/esferareal.com\/a-regiao\/#primaryimage\"},\"thumbnailUrl\":\"https:\/\/esferareal.com\/wp-content\/uploads\/2025\/01\/a-regiao-2.jpeg\",\"datePublished\":\"2025-01-23T16:55:54+00:00\",\"dateModified\":\"2025-01-23T16:58:58+00:00\",\"breadcrumb\":{\"@id\":\"https:\/\/esferareal.com\/a-regiao\/#breadcrumb\"},\"inLanguage\":\"en-GB\",\"potentialAction\":[{\"@type\":\"ReadAction\",\"target\":[\"https:\/\/esferareal.com\/a-regiao\/\"]}]},{\"@type\":\"ImageObject\",\"inLanguage\":\"en-GB\",\"@id\":\"https:\/\/esferareal.com\/a-regiao\/#primaryimage\",\"url\":\"https:\/\/esferareal.com\/wp-content\/uploads\/2025\/01\/a-regiao-2.jpeg\",\"contentUrl\":\"https:\/\/esferareal.com\/wp-content\/uploads\/2025\/01\/a-regiao-2.jpeg\"},{\"@type\":\"BreadcrumbList\",\"@id\":\"https:\/\/esferareal.com\/a-regiao\/#breadcrumb\",\"itemListElement\":[{\"@type\":\"ListItem\",\"position\":1,\"name\":\"In\u00edcio\",\"item\":\"https:\/\/esferareal.com\/en\/\"},{\"@type\":\"ListItem\",\"position\":2,\"name\":\"A Regi\u00e3o\"}]},{\"@type\":\"WebSite\",\"@id\":\"https:\/\/esferareal.com\/#website\",\"url\":\"https:\/\/esferareal.com\/\",\"name\":\"Esfera Real\",\"description\":\"Media\u00e7\u00e3o Imobili\u00e1ria\",\"publisher\":{\"@id\":\"https:\/\/esferareal.com\/#organization\"},\"potentialAction\":[{\"@type\":\"SearchAction\",\"target\":{\"@type\":\"EntryPoint\",\"urlTemplate\":\"https:\/\/esferareal.com\/?s={search_term_string}\"},\"query-input\":{\"@type\":\"PropertyValueSpecification\",\"valueRequired\":true,\"valueName\":\"search_term_string\"}}],\"inLanguage\":\"en-GB\"},{\"@type\":\"Organization\",\"@id\":\"https:\/\/esferareal.com\/#organization\",\"name\":\"Esfera Real Media\u00e7\u00e3o Imobili\u00e1ria\",\"url\":\"https:\/\/esferareal.com\/\",\"logo\":{\"@type\":\"ImageObject\",\"inLanguage\":\"en-GB\",\"@id\":\"https:\/\/esferareal.com\/#\/schema\/logo\/image\/\",\"url\":\"https:\/\/esferareal.com\/wp-content\/uploads\/2024\/10\/logo-esferareal300.png\",\"contentUrl\":\"https:\/\/esferareal.com\/wp-content\/uploads\/2024\/10\/logo-esferareal300.png\",\"width\":300,\"height\":221,\"caption\":\"Esfera Real Media\u00e7\u00e3o Imobili\u00e1ria\"},\"image\":{\"@id\":\"https:\/\/esferareal.com\/#\/schema\/logo\/image\/\"},\"sameAs\":[\"https:\/\/www.facebook.com\/people\/Esfera-Real\/100057693960084\/\",\"https:\/\/www.instagram.com\/esferareal\/\",\"https:\/\/www.youtube.com\/channel\/UCYb-CPOTpF03PSyHBSoCfbA\"]}]}<\/script>\n<!-- \/ Yoast SEO plugin. -->","yoast_head_json":{"title":"A Regi\u00e3o - Esfera Real","robots":{"index":"index","follow":"follow","max-snippet":"max-snippet:-1","max-image-preview":"max-image-preview:large","max-video-preview":"max-video-preview:-1"},"canonical":"https:\/\/esferareal.com\/en\/a-regiao\/","og_locale":"en_GB","og_type":"article","og_title":"A Regi\u00e3o - Esfera Real","og_description":"A Regi\u00e3o Centro de Portugal Est\u00e1 farto do stress di\u00e1rio da cidade? Gostava de um local pac\u00edfico para viver, perto da natureza, com muita Hist\u00f3ria, tradi\u00e7\u00e3o e v\u00e1rios pontos tur\u00edsticos espetaculares? Bem-vindo ao centro de Portugal! De uma beleza natural absolutamente fant\u00e1stica, por entre rios e montanhas, esta \u00e9 a zona onde pode acalmar e [&hellip;]","og_url":"https:\/\/esferareal.com\/en\/a-regiao\/","og_site_name":"Esfera Real","article_publisher":"https:\/\/www.facebook.com\/people\/Esfera-Real\/100057693960084\/","article_modified_time":"2025-01-23T16:58:58+00:00","og_image":[{"url":"https:\/\/esferareal.com\/wp-content\/uploads\/2025\/01\/a-regiao-2.jpeg","type":"","width":"","height":""}],"twitter_card":"summary_large_image","twitter_misc":{"Estimated reading time":"2 minutes"},"schema":{"@context":"https:\/\/schema.org","@graph":[{"@type":"WebPage","@id":"https:\/\/esferareal.com\/a-regiao\/","url":"https:\/\/esferareal.com\/a-regiao\/","name":"A Regi\u00e3o - Esfera Real","isPartOf":{"@id":"https:\/\/esferareal.com\/#website"},"primaryImageOfPage":{"@id":"https:\/\/esferareal.com\/a-regiao\/#primaryimage"},"image":{"@id":"https:\/\/esferareal.com\/a-regiao\/#primaryimage"},"thumbnailUrl":"https:\/\/esferareal.com\/wp-content\/uploads\/2025\/01\/a-regiao-2.jpeg","datePublished":"2025-01-23T16:55:54+00:00","dateModified":"2025-01-23T16:58:58+00:00","breadcrumb":{"@id":"https:\/\/esferareal.com\/a-regiao\/#breadcrumb"},"inLanguage":"en-GB","potentialAction":[{"@type":"ReadAction","target":["https:\/\/esferareal.com\/a-regiao\/"]}]},{"@type":"ImageObject","inLanguage":"en-GB","@id":"https:\/\/esferareal.com\/a-regiao\/#primaryimage","url":"https:\/\/esferareal.com\/wp-content\/uploads\/2025\/01\/a-regiao-2.jpeg","contentUrl":"https:\/\/esferareal.com\/wp-content\/uploads\/2025\/01\/a-regiao-2.jpeg"},{"@type":"BreadcrumbList","@id":"https:\/\/esferareal.com\/a-regiao\/#breadcrumb","itemListElement":[{"@type":"ListItem","position":1,"name":"In\u00edcio","item":"https:\/\/esferareal.com\/en\/"},{"@type":"ListItem","position":2,"name":"A Regi\u00e3o"}]},{"@type":"WebSite","@id":"https:\/\/esferareal.com\/#website","url":"https:\/\/esferareal.com\/","name":"Esfera Real","description":"Media\u00e7\u00e3o Imobili\u00e1ria","publisher":{"@id":"https:\/\/esferareal.com\/#organization"},"potentialAction":[{"@type":"SearchAction","target":{"@type":"EntryPoint","urlTemplate":"https:\/\/esferareal.com\/?s={search_term_string}"},"query-input":{"@type":"PropertyValueSpecification","valueRequired":true,"valueName":"search_term_string"}}],"inLanguage":"en-GB"},{"@type":"Organization","@id":"https:\/\/esferareal.com\/#organization","name":"Esfera Real Media\u00e7\u00e3o Imobili\u00e1ria","url":"https:\/\/esferareal.com\/","logo":{"@type":"ImageObject","inLanguage":"en-GB","@id":"https:\/\/esferareal.com\/#\/schema\/logo\/image\/","url":"https:\/\/esferareal.com\/wp-content\/uploads\/2024\/10\/logo-esferareal300.png","contentUrl":"https:\/\/esferareal.com\/wp-content\/uploads\/2024\/10\/logo-esferareal300.png","width":300,"height":221,"caption":"Esfera Real Media\u00e7\u00e3o Imobili\u00e1ria"},"image":{"@id":"https:\/\/esferareal.com\/#\/schema\/logo\/image\/"},"sameAs":["https:\/\/www.facebook.com\/people\/Esfera-Real\/100057693960084\/","https:\/\/www.instagram.com\/esferareal\/","https:\/\/www.youtube.com\/channel\/UCYb-CPOTpF03PSyHBSoCfbA"]}]}},"_links":{"self":[{"href":"https:\/\/esferareal.com\/en\/wp-json\/wp\/v2\/pages\/5412","targetHints":{"allow":["GET"]}}],"collection":[{"href":"https:\/\/esferareal.com\/en\/wp-json\/wp\/v2\/pages"}],"about":[{"href":"https:\/\/esferareal.com\/en\/wp-json\/wp\/v2\/types\/page"}],"author":[{"embeddable":true,"href":"https:\/\/esferareal.com\/en\/wp-json\/wp\/v2\/users\/2"}],"replies":[{"embeddable":true,"href":"https:\/\/esferareal.com\/en\/wp-json\/wp\/v2\/comments?post=5412"}],"version-history":[{"count":4,"href":"https:\/\/esferareal.com\/en\/wp-json\/wp\/v2\/pages\/5412\/revisions"}],"predecessor-version":[{"id":5424,"href":"https:\/\/esferareal.com\/en\/wp-json\/wp\/v2\/pages\/5412\/revisions\/5424"}],"wp:attachment":[{"href":"https:\/\/esferareal.com\/en\/wp-json\/wp\/v2\/media?parent=5412"}],"curies":[{"name":"wp","href":"https:\/\/api.w.org\/{rel}","templated":true}]}}