 
{"id":5535,"date":"2025-01-24T11:41:14","date_gmt":"2025-01-24T11:41:14","guid":{"rendered":"https:\/\/esferareal.com\/?page_id=5535"},"modified":"2025-02-10T13:05:40","modified_gmt":"2025-02-10T13:05:40","slug":"contactos","status":"publish","type":"page","link":"https:\/\/esferareal.com\/en\/contactos\/","title":{"rendered":"Contacts"},"content":{"rendered":"<div data-elementor-type=\"wp-page\" data-elementor-id=\"5535\" class=\"elementor elementor-5535\" data-elementor-post-type=\"page\">\n\t\t\t\t<div class=\"elementor-element elementor-element-6404b88 e-flex e-con-boxed e-con e-parent\" data-id=\"6404b88\" data-element_type=\"container\">\n\t\t\t\t\t<div class=\"e-con-inner\">\n\t\t<div class=\"elementor-element elementor-element-a7f63d3 e-con-full e-flex e-con e-child\" data-id=\"a7f63d3\" data-element_type=\"container\">\n\t\t\t\t<div class=\"elementor-element elementor-element-3cae778 elementor-widget elementor-widget-heading\" data-id=\"3cae778\" data-element_type=\"widget\" data-widget_type=\"heading.default\">\n\t\t\t\t<div class=\"elementor-widget-container\">\n\t\t\t\t\t<h2 class=\"elementor-heading-title elementor-size-default\">Esfera Real Media\u00e7\u00e3o Imobili\u00e1ria Unip. Lda <br>REAL ESTATE<\/h2>\t\t\t\t<\/div>\n\t\t\t\t<\/div>\n\t\t\t\t<div class=\"elementor-element elementor-element-a0bfc1c elementor-widget elementor-widget-text-editor\" data-id=\"a0bfc1c\" data-element_type=\"widget\" data-widget_type=\"text-editor.default\">\n\t\t\t\t<div class=\"elementor-widget-container\">\n\t\t\t\t\t\t\t\t\t<p>Avenida Comendadora Maria Eva Nunes Corr\u00eaa n.\u00ba 42 | 3270-097 Pedr\u00f3g\u00e3o Grande | Portugal<\/p>\n<p>39\u00b055&#8217;10.1&#8221;N 8\u00b008&#8217;46.2&#8217;W&#8221;<\/p>\n<p><a href=\"tel:+351236488220\">+351 236 488 220<\/a> <span style=\"font-size: 10px;\">national landline call<\/span><\/p>\n<p><a href=\"mailto:geral@esferareal.com\">geral@esferareal.com<\/a><\/p>\t\t\t\t\t\t\t\t<\/div>\n\t\t\t\t<\/div>\n\t\t\t\t<div class=\"elementor-element elementor-element-645e1a2 elementor-widget elementor-widget-google_maps\" data-id=\"645e1a2\" data-element_type=\"widget\" data-widget_type=\"google_maps.default\">\n\t\t\t\t<div class=\"elementor-widget-container\">\n\t\t\t\t\t\t\t<div class=\"elementor-custom-embed\">\n\t\t\t<iframe loading=\"lazy\"\n\t\t\t\t\tsrc=\"https:\/\/maps.google.com\/maps?q=Esfera%20Real&#038;t=m&#038;z=14&#038;output=embed&#038;iwloc=near\"\n\t\t\t\t\ttitle=\"Esfera Real\"\n\t\t\t\t\taria-label=\"Esfera Real\"\n\t\t\t><\/iframe>\n\t\t<\/div>\n\t\t\t\t\t\t<\/div>\n\t\t\t\t<\/div>\n\t\t\t\t<\/div>\n\t\t<div class=\"elementor-element elementor-element-1648fe2 e-con-full e-flex e-con e-child\" data-id=\"1648fe2\" data-element_type=\"container\">\n\t\t\t\t<div class=\"elementor-element elementor-element-aa6b434 elementor-widget elementor-widget-image\" data-id=\"aa6b434\" data-element_type=\"widget\" data-widget_type=\"image.default\">\n\t\t\t\t<div class=\"elementor-widget-container\">\n\t\t\t\t\t\t\t\t\t\t\t\t\t\t\t<img decoding=\"async\" width=\"223\" height=\"138\" src=\"https:\/\/esferareal.com\/wp-content\/uploads\/2025\/01\/esferareallocal.jpeg\" class=\"attachment-full size-full wp-image-5538\" alt=\"\" srcset=\"https:\/\/esferareal.com\/wp-content\/uploads\/2025\/01\/esferareallocal.jpeg 223w, https:\/\/esferareal.com\/wp-content\/uploads\/2025\/01\/esferareallocal-18x12.jpeg 18w\" sizes=\"(max-width: 223px) 100vw, 223px\" \/>\t\t\t\t\t\t\t\t\t\t\t\t\t\t\t<\/div>\n\t\t\t\t<\/div>\n\t\t\t\t<div class=\"elementor-element elementor-element-ca11901 elementor-widget elementor-widget-heading\" data-id=\"ca11901\" data-element_type=\"widget\" data-widget_type=\"heading.default\">\n\t\t\t\t<div class=\"elementor-widget-container\">\n\t\t\t\t\t<h2 class=\"elementor-heading-title elementor-size-default\">We can contact you! Send us a message!<\/h2>\t\t\t\t<\/div>\n\t\t\t\t<\/div>\n\t\t\t\t<div class=\"elementor-element elementor-element-af594ee elementor-button-align-stretch elementor-widget elementor-widget-form\" data-id=\"af594ee\" data-element_type=\"widget\" data-settings=\"{&quot;step_next_label&quot;:&quot;Next&quot;,&quot;step_previous_label&quot;:&quot;Anterior&quot;,&quot;button_width&quot;:&quot;100&quot;,&quot;step_type&quot;:&quot;number_text&quot;,&quot;step_icon_shape&quot;:&quot;circle&quot;}\" data-widget_type=\"form.default\">\n\t\t\t\t<div class=\"elementor-widget-container\">\n\t\t\t\t\t\t\t<form class=\"elementor-form\" method=\"post\" name=\"Contacto\" action=\"\">\n\t\t\t<input type=\"hidden\" name=\"post_id\" value=\"5535\"\/>\n\t\t\t<input type=\"hidden\" name=\"form_id\" value=\"af594ee\"\/>\n\t\t\t<input type=\"hidden\" name=\"referer_title\" value=\"Contactos - Esfera Real\" \/>\n\n\t\t\t\t\t\t\t<input type=\"hidden\" name=\"queried_id\" value=\"5535\"\/>\n\t\t\t\n\t\t\t<div class=\"elementor-form-fields-wrapper elementor-labels-\">\n\t\t\t\t\t\t\t\t<div class=\"elementor-field-type-text elementor-field-group elementor-column elementor-field-group-name elementor-col-100\">\n\t\t\t\t\t\t\t\t\t\t\t\t<label for=\"form-field-name\" class=\"elementor-field-label elementor-screen-only\">\n\t\t\t\t\t\t\t\tName\t\t\t\t\t\t\t<\/label>\n\t\t\t\t\t\t\t\t\t\t\t\t\t\t<input size=\"1\" type=\"text\" name=\"form_fields[name]\" id=\"form-field-name\" class=\"elementor-field elementor-size-sm  elementor-field-textual\" placeholder=\"Name\">\n\t\t\t\t\t\t\t\t\t\t\t<\/div>\n\t\t\t\t\t\t\t\t<div class=\"elementor-field-type-email elementor-field-group elementor-column elementor-field-group-email elementor-col-50 elementor-field-required\">\n\t\t\t\t\t\t\t\t\t\t\t\t<label for=\"form-field-email\" class=\"elementor-field-label elementor-screen-only\">\n\t\t\t\t\t\t\t\tEmail\t\t\t\t\t\t\t<\/label>\n\t\t\t\t\t\t\t\t\t\t\t\t\t\t<input size=\"1\" type=\"email\" name=\"form_fields[email]\" id=\"form-field-email\" class=\"elementor-field elementor-size-sm  elementor-field-textual\" placeholder=\"Email*\" required=\"required\" aria-required=\"true\">\n\t\t\t\t\t\t\t\t\t\t\t<\/div>\n\t\t\t\t\t\t\t\t<div class=\"elementor-field-type-tel elementor-field-group elementor-column elementor-field-group-field_f83a044 elementor-col-50 elementor-field-required\">\n\t\t\t\t\t\t\t\t\t\t\t\t<label for=\"form-field-field_f83a044\" class=\"elementor-field-label elementor-screen-only\">\n\t\t\t\t\t\t\t\tTelefone\t\t\t\t\t\t\t<\/label>\n\t\t\t\t\t\t\t\t<input size=\"1\" type=\"tel\" name=\"form_fields[field_f83a044]\" id=\"form-field-field_f83a044\" class=\"elementor-field elementor-size-sm  elementor-field-textual\" placeholder=\"Telephone or Mobile\" required=\"required\" aria-required=\"true\" pattern=\"[0-9()#&amp;+*-=.]+\" title=\"Only numbers and phone characters (#, -, *, etc) are accepted.\">\n\n\t\t\t\t\t\t<\/div>\n\t\t\t\t\t\t\t\t<div class=\"elementor-field-type-textarea elementor-field-group elementor-column elementor-field-group-field_8a7bb72 elementor-col-100\">\n\t\t\t\t\t\t\t\t\t\t\t\t<label for=\"form-field-field_8a7bb72\" class=\"elementor-field-label elementor-screen-only\">\n\t\t\t\t\t\t\t\tMessage\t\t\t\t\t\t\t<\/label>\n\t\t\t\t\t\t<textarea class=\"elementor-field-textual elementor-field  elementor-size-sm\" name=\"form_fields[field_8a7bb72]\" id=\"form-field-field_8a7bb72\" rows=\"4\" placeholder=\"Message\"><\/textarea>\t\t\t\t<\/div>\n\t\t\t\t\t\t\t\t<div class=\"elementor-field-type-acceptance elementor-field-group elementor-column elementor-field-group-field_4851256 elementor-col-100 elementor-field-required\">\n\t\t\t\t\t\t\t\t\t\t\t\t<label for=\"form-field-field_4851256\" class=\"elementor-field-label elementor-screen-only\">\n\t\t\t\t\t\t\t\tPrivacy Policy\t\t\t\t\t\t\t<\/label>\n\t\t\t\t\t\t\t\t<div class=\"elementor-field-subgroup\">\n\t\t\t<span class=\"elementor-field-option\">\n\t\t\t\t<input type=\"checkbox\" name=\"form_fields[field_4851256]\" id=\"form-field-field_4851256\" class=\"elementor-field elementor-size-sm  elementor-acceptance-field\" required=\"required\" aria-required=\"true\">\n\t\t\t\t<label for=\"form-field-field_4851256\">The treatment of personal data given here is necessary, namely, to conduct contacts in accordance with <a href=\"https:\/\/esferareal.com\/en\/politica-de-privacidade\/\" target=\"_blank\">Esfera Real\u00b4s Privacy Policy<\/a>, which I declare to know about and accept<\/label>\t\t\t<\/span>\n\t\t<\/div>\n\t\t\t\t\t\t<\/div>\n\t\t\t\t\t\t\t\t<div class=\"elementor-field-type-recaptcha_v3 elementor-field-group elementor-column elementor-field-group-field_6639e94 elementor-col-100 recaptcha_v3-bottomright\">\n\t\t\t\t\t<div class=\"elementor-field\" id=\"form-field-field_6639e94\"><div class=\"elementor-g-recaptcha\" data-sitekey=\"6Lco47okAAAAAEWvZnUE_ySegP4scUlRte-UH_um\" data-type=\"v3\" data-action=\"Form\" data-badge=\"bottomright\" data-size=\"invisible\"><\/div><\/div>\t\t\t\t<\/div>\n\t\t\t\t\t\t\t\t<div class=\"elementor-field-group elementor-column elementor-field-type-submit elementor-col-100 e-form__buttons\">\n\t\t\t\t\t<button class=\"elementor-button elementor-size-sm\" type=\"submit\">\n\t\t\t\t\t\t<span class=\"elementor-button-content-wrapper\">\n\t\t\t\t\t\t\t\t\t\t\t\t\t\t\t\t\t\t\t\t\t\t<span class=\"elementor-button-text\">Send<\/span>\n\t\t\t\t\t\t\t\t\t\t\t\t\t<\/span>\n\t\t\t\t\t<\/button>\n\t\t\t\t<\/div>\n\t\t\t<\/div>\n\t\t<input type=\"hidden\" name=\"trp-form-language\" value=\"en\"\/><\/form>\n\t\t\t\t\t\t<\/div>\n\t\t\t\t<\/div>\n\t\t\t\t<\/div>\n\t\t\t\t\t<\/div>\n\t\t\t\t<\/div>\n\t\t\t\t<\/div>","protected":false},"excerpt":{"rendered":"<p>Esfera Real Media\u00e7\u00e3o Imobili\u00e1ria Unip. Lda REAL ESTATE Avenida Comendadora Maria Eva Nunes Corr\u00eaa n.\u00ba 42 | 3270-097 Pedr\u00f3g\u00e3o Grande | Portugal 39\u00b055&#8217;10.1&#8221;N 8\u00b008&#8217;46.2&#8217;W&#8221; +351 236 488 220 chamada para a rede fixa nacional geral@esferareal.com Podemos contact\u00e1-lo! Envie-nos a sua mensagem!<\/p>","protected":false},"author":2,"featured_media":0,"parent":0,"menu_order":0,"comment_status":"closed","ping_status":"closed","template":"elementor_header_footer","meta":{"_acf_changed":false,"footnotes":""},"class_list":["post-5535","page","type-page","status-publish","hentry"],"acf":[],"yoast_head":"<!-- This site is optimized with the Yoast SEO plugin v24.4 - https:\/\/yoast.com\/wordpress\/plugins\/seo\/ -->\n<title>Contactos - Esfera Real<\/title>\n<meta name=\"robots\" content=\"index, follow, max-snippet:-1, max-image-preview:large, max-video-preview:-1\" \/>\n<link rel=\"canonical\" href=\"https:\/\/esferareal.com\/en\/contactos\/\" \/>\n<meta property=\"og:locale\" content=\"en_GB\" \/>\n<meta property=\"og:type\" content=\"article\" \/>\n<meta property=\"og:title\" content=\"Contactos - Esfera Real\" \/>\n<meta property=\"og:description\" content=\"Esfera Real Media\u00e7\u00e3o Imobili\u00e1ria Unip. Lda REAL ESTATE Avenida Comendadora Maria Eva Nunes Corr\u00eaa n.\u00ba 42 | 3270-097 Pedr\u00f3g\u00e3o Grande | Portugal 39\u00b055&#8217;10.1&#8221;N 8\u00b008&#8217;46.2&#8217;W&#8221; +351 236 488 220 chamada para a rede fixa nacional geral@esferareal.com Podemos contact\u00e1-lo! Envie-nos a sua mensagem!\" \/>\n<meta property=\"og:url\" content=\"https:\/\/esferareal.com\/en\/contactos\/\" \/>\n<meta property=\"og:site_name\" content=\"Esfera Real\" \/>\n<meta property=\"article:publisher\" content=\"https:\/\/www.facebook.com\/people\/Esfera-Real\/100057693960084\/\" \/>\n<meta property=\"article:modified_time\" content=\"2025-02-10T13:05:40+00:00\" \/>\n<meta property=\"og:image\" content=\"https:\/\/esferareal.com\/wp-content\/uploads\/2025\/01\/esferareallocal.jpeg\" \/>\n\t<meta property=\"og:image:width\" content=\"223\" \/>\n\t<meta property=\"og:image:height\" content=\"138\" \/>\n\t<meta property=\"og:image:type\" content=\"image\/jpeg\" \/>\n<meta name=\"twitter:card\" content=\"summary_large_image\" \/>\n<script type=\"application\/ld+json\" class=\"yoast-schema-graph\">{\"@context\":\"https:\/\/schema.org\",\"@graph\":[{\"@type\":\"WebPage\",\"@id\":\"https:\/\/esferareal.com\/contactos\/\",\"url\":\"https:\/\/esferareal.com\/contactos\/\",\"name\":\"Contactos - Esfera Real\",\"isPartOf\":{\"@id\":\"https:\/\/esferareal.com\/#website\"},\"primaryImageOfPage\":{\"@id\":\"https:\/\/esferareal.com\/contactos\/#primaryimage\"},\"image\":{\"@id\":\"https:\/\/esferareal.com\/contactos\/#primaryimage\"},\"thumbnailUrl\":\"https:\/\/esferareal.com\/wp-content\/uploads\/2025\/01\/esferareallocal.jpeg\",\"datePublished\":\"2025-01-24T11:41:14+00:00\",\"dateModified\":\"2025-02-10T13:05:40+00:00\",\"breadcrumb\":{\"@id\":\"https:\/\/esferareal.com\/contactos\/#breadcrumb\"},\"inLanguage\":\"en-GB\",\"potentialAction\":[{\"@type\":\"ReadAction\",\"target\":[\"https:\/\/esferareal.com\/contactos\/\"]}]},{\"@type\":\"ImageObject\",\"inLanguage\":\"en-GB\",\"@id\":\"https:\/\/esferareal.com\/contactos\/#primaryimage\",\"url\":\"https:\/\/esferareal.com\/wp-content\/uploads\/2025\/01\/esferareallocal.jpeg\",\"contentUrl\":\"https:\/\/esferareal.com\/wp-content\/uploads\/2025\/01\/esferareallocal.jpeg\"},{\"@type\":\"BreadcrumbList\",\"@id\":\"https:\/\/esferareal.com\/contactos\/#breadcrumb\",\"itemListElement\":[{\"@type\":\"ListItem\",\"position\":1,\"name\":\"In\u00edcio\",\"item\":\"https:\/\/esferareal.com\/en\/\"},{\"@type\":\"ListItem\",\"position\":2,\"name\":\"Contactos\"}]},{\"@type\":\"WebSite\",\"@id\":\"https:\/\/esferareal.com\/#website\",\"url\":\"https:\/\/esferareal.com\/\",\"name\":\"Esfera Real\",\"description\":\"Media\u00e7\u00e3o Imobili\u00e1ria\",\"publisher\":{\"@id\":\"https:\/\/esferareal.com\/#organization\"},\"potentialAction\":[{\"@type\":\"SearchAction\",\"target\":{\"@type\":\"EntryPoint\",\"urlTemplate\":\"https:\/\/esferareal.com\/?s={search_term_string}\"},\"query-input\":{\"@type\":\"PropertyValueSpecification\",\"valueRequired\":true,\"valueName\":\"search_term_string\"}}],\"inLanguage\":\"en-GB\"},{\"@type\":\"Organization\",\"@id\":\"https:\/\/esferareal.com\/#organization\",\"name\":\"Esfera Real Media\u00e7\u00e3o Imobili\u00e1ria\",\"url\":\"https:\/\/esferareal.com\/\",\"logo\":{\"@type\":\"ImageObject\",\"inLanguage\":\"en-GB\",\"@id\":\"https:\/\/esferareal.com\/#\/schema\/logo\/image\/\",\"url\":\"https:\/\/esferareal.com\/wp-content\/uploads\/2024\/10\/logo-esferareal300.png\",\"contentUrl\":\"https:\/\/esferareal.com\/wp-content\/uploads\/2024\/10\/logo-esferareal300.png\",\"width\":300,\"height\":221,\"caption\":\"Esfera Real Media\u00e7\u00e3o Imobili\u00e1ria\"},\"image\":{\"@id\":\"https:\/\/esferareal.com\/#\/schema\/logo\/image\/\"},\"sameAs\":[\"https:\/\/www.facebook.com\/people\/Esfera-Real\/100057693960084\/\",\"https:\/\/www.instagram.com\/esferareal\/\",\"https:\/\/www.youtube.com\/channel\/UCYb-CPOTpF03PSyHBSoCfbA\"]}]}<\/script>\n<!-- \/ Yoast SEO plugin. -->","yoast_head_json":{"title":"Contactos - Esfera Real","robots":{"index":"index","follow":"follow","max-snippet":"max-snippet:-1","max-image-preview":"max-image-preview:large","max-video-preview":"max-video-preview:-1"},"canonical":"https:\/\/esferareal.com\/en\/contactos\/","og_locale":"en_GB","og_type":"article","og_title":"Contactos - Esfera Real","og_description":"Esfera Real Media\u00e7\u00e3o Imobili\u00e1ria Unip. Lda REAL ESTATE Avenida Comendadora Maria Eva Nunes Corr\u00eaa n.\u00ba 42 | 3270-097 Pedr\u00f3g\u00e3o Grande | Portugal 39\u00b055&#8217;10.1&#8221;N 8\u00b008&#8217;46.2&#8217;W&#8221; +351 236 488 220 chamada para a rede fixa nacional geral@esferareal.com Podemos contact\u00e1-lo! Envie-nos a sua mensagem!","og_url":"https:\/\/esferareal.com\/en\/contactos\/","og_site_name":"Esfera Real","article_publisher":"https:\/\/www.facebook.com\/people\/Esfera-Real\/100057693960084\/","article_modified_time":"2025-02-10T13:05:40+00:00","og_image":[{"width":223,"height":138,"url":"https:\/\/esferareal.com\/wp-content\/uploads\/2025\/01\/esferareallocal.jpeg","type":"image\/jpeg"}],"twitter_card":"summary_large_image","schema":{"@context":"https:\/\/schema.org","@graph":[{"@type":"WebPage","@id":"https:\/\/esferareal.com\/contactos\/","url":"https:\/\/esferareal.com\/contactos\/","name":"Contactos - Esfera Real","isPartOf":{"@id":"https:\/\/esferareal.com\/#website"},"primaryImageOfPage":{"@id":"https:\/\/esferareal.com\/contactos\/#primaryimage"},"image":{"@id":"https:\/\/esferareal.com\/contactos\/#primaryimage"},"thumbnailUrl":"https:\/\/esferareal.com\/wp-content\/uploads\/2025\/01\/esferareallocal.jpeg","datePublished":"2025-01-24T11:41:14+00:00","dateModified":"2025-02-10T13:05:40+00:00","breadcrumb":{"@id":"https:\/\/esferareal.com\/contactos\/#breadcrumb"},"inLanguage":"en-GB","potentialAction":[{"@type":"ReadAction","target":["https:\/\/esferareal.com\/contactos\/"]}]},{"@type":"ImageObject","inLanguage":"en-GB","@id":"https:\/\/esferareal.com\/contactos\/#primaryimage","url":"https:\/\/esferareal.com\/wp-content\/uploads\/2025\/01\/esferareallocal.jpeg","contentUrl":"https:\/\/esferareal.com\/wp-content\/uploads\/2025\/01\/esferareallocal.jpeg"},{"@type":"BreadcrumbList","@id":"https:\/\/esferareal.com\/contactos\/#breadcrumb","itemListElement":[{"@type":"ListItem","position":1,"name":"In\u00edcio","item":"https:\/\/esferareal.com\/en\/"},{"@type":"ListItem","position":2,"name":"Contactos"}]},{"@type":"WebSite","@id":"https:\/\/esferareal.com\/#website","url":"https:\/\/esferareal.com\/","name":"Esfera Real","description":"Media\u00e7\u00e3o Imobili\u00e1ria","publisher":{"@id":"https:\/\/esferareal.com\/#organization"},"potentialAction":[{"@type":"SearchAction","target":{"@type":"EntryPoint","urlTemplate":"https:\/\/esferareal.com\/?s={search_term_string}"},"query-input":{"@type":"PropertyValueSpecification","valueRequired":true,"valueName":"search_term_string"}}],"inLanguage":"en-GB"},{"@type":"Organization","@id":"https:\/\/esferareal.com\/#organization","name":"Esfera Real Media\u00e7\u00e3o Imobili\u00e1ria","url":"https:\/\/esferareal.com\/","logo":{"@type":"ImageObject","inLanguage":"en-GB","@id":"https:\/\/esferareal.com\/#\/schema\/logo\/image\/","url":"https:\/\/esferareal.com\/wp-content\/uploads\/2024\/10\/logo-esferareal300.png","contentUrl":"https:\/\/esferareal.com\/wp-content\/uploads\/2024\/10\/logo-esferareal300.png","width":300,"height":221,"caption":"Esfera Real Media\u00e7\u00e3o Imobili\u00e1ria"},"image":{"@id":"https:\/\/esferareal.com\/#\/schema\/logo\/image\/"},"sameAs":["https:\/\/www.facebook.com\/people\/Esfera-Real\/100057693960084\/","https:\/\/www.instagram.com\/esferareal\/","https:\/\/www.youtube.com\/channel\/UCYb-CPOTpF03PSyHBSoCfbA"]}]}},"_links":{"self":[{"href":"https:\/\/esferareal.com\/en\/wp-json\/wp\/v2\/pages\/5535","targetHints":{"allow":["GET"]}}],"collection":[{"href":"https:\/\/esferareal.com\/en\/wp-json\/wp\/v2\/pages"}],"about":[{"href":"https:\/\/esferareal.com\/en\/wp-json\/wp\/v2\/types\/page"}],"author":[{"embeddable":true,"href":"https:\/\/esferareal.com\/en\/wp-json\/wp\/v2\/users\/2"}],"replies":[{"embeddable":true,"href":"https:\/\/esferareal.com\/en\/wp-json\/wp\/v2\/comments?post=5535"}],"version-history":[{"count":13,"href":"https:\/\/esferareal.com\/en\/wp-json\/wp\/v2\/pages\/5535\/revisions"}],"predecessor-version":[{"id":6154,"href":"https:\/\/esferareal.com\/en\/wp-json\/wp\/v2\/pages\/5535\/revisions\/6154"}],"wp:attachment":[{"href":"https:\/\/esferareal.com\/en\/wp-json\/wp\/v2\/media?parent=5535"}],"curies":[{"name":"wp","href":"https:\/\/api.w.org\/{rel}","templated":true}]}}